{"id":4488,"date":"2024-10-10T13:17:00","date_gmt":"2024-10-10T16:17:00","guid":{"rendered":"https:\/\/suaciencia.org\/loja\/?post_type=product&#038;p=4488"},"modified":"2024-10-10T13:19:57","modified_gmt":"2024-10-10T16:19:57","slug":"arte-digital-mulheres-na-ciencia","status":"publish","type":"product","link":"https:\/\/suaciencia.org\/loja\/produto\/arte-digital-mulheres-na-ciencia\/","title":{"rendered":"Arte Digital &#8211; Mulheres na Ci\u00eancia"},"content":{"rendered":"","protected":false},"excerpt":{"rendered":"<h6>Arte digital da ilustra\u00e7\u00e3o &#8220;Mulheres na Ci\u00eancia&#8221; feita pela Estranha Rosa.<\/h6>\n<h6>Temos 4 op\u00e7\u00f5es de cores dispon\u00edveis. Voc\u00ea pode escolher qual ou quais voc\u00ea quiser, todas s\u00e3o lindas!<\/h6>\n<h6>A arte digital est\u00e1 em formato em PDF em dimens\u00f5es de A3, mas voc\u00ea pode imprimir no formato que quiser sem perda de resolu\u00e7\u00e3o!<\/h6>\n","protected":false},"featured_media":4497,"comment_status":"open","ping_status":"closed","template":"","meta":{"_surecart_dashboard_logo_width":"180px","_surecart_dashboard_show_logo":true,"_surecart_dashboard_navigation_orders":true,"_surecart_dashboard_navigation_subscriptions":true,"_surecart_dashboard_navigation_downloads":true,"_surecart_dashboard_navigation_billing":true,"_surecart_dashboard_navigation_account":true,"site-sidebar-layout":"default","site-content-layout":"","ast-site-content-layout":"default","site-content-style":"default","site-sidebar-style":"default","ast-global-header-display":"","ast-banner-title-visibility":"","ast-main-header-display":"","ast-hfb-above-header-display":"","ast-hfb-below-header-display":"","ast-hfb-mobile-header-display":"","site-post-title":"","ast-breadcrumbs-content":"","ast-featured-img":"","footer-sml-layout":"","theme-transparent-header-meta":"default","adv-header-id-meta":"","stick-header-meta":"","header-above-stick-meta":"","header-main-stick-meta":"","header-below-stick-meta":"","astra-migrate-meta-layouts":"set","ast-page-background-enabled":"default","ast-page-background-meta":{"desktop":{"background-color":"","background-image":"","background-repeat":"repeat","background-position":"center center","background-size":"auto","background-attachment":"scroll","background-type":"","background-media":"","overlay-type":"","overlay-color":"","overlay-opacity":"","overlay-gradient":""},"tablet":{"background-color":"","background-image":"","background-repeat":"repeat","background-position":"center center","background-size":"auto","background-attachment":"scroll","background-type":"","background-media":"","overlay-type":"","overlay-color":"","overlay-opacity":"","overlay-gradient":""},"mobile":{"background-color":"","background-image":"","background-repeat":"repeat","background-position":"center center","background-size":"auto","background-attachment":"scroll","background-type":"","background-media":"","overlay-type":"","overlay-color":"","overlay-opacity":"","overlay-gradient":""}},"ast-content-background-meta":{"desktop":{"background-color":"var(--ast-global-color-5)","background-image":"","background-repeat":"repeat","background-position":"center center","background-size":"auto","background-attachment":"scroll","background-type":"","background-media":"","overlay-type":"","overlay-color":"","overlay-opacity":"","overlay-gradient":""},"tablet":{"background-color":"var(--ast-global-color-5)","background-image":"","background-repeat":"repeat","background-position":"center center","background-size":"auto","background-attachment":"scroll","background-type":"","background-media":"","overlay-type":"","overlay-color":"","overlay-opacity":"","overlay-gradient":""},"mobile":{"background-color":"var(--ast-global-color-5)","background-image":"","background-repeat":"repeat","background-position":"center center","background-size":"auto","background-attachment":"scroll","background-type":"","background-media":"","overlay-type":"","overlay-color":"","overlay-opacity":"","overlay-gradient":""}}},"product_cat":[40],"product_tag":[],"class_list":{"0":"post-4488","1":"product","2":"type-product","3":"status-publish","4":"has-post-thumbnail","6":"product_cat-digitais","7":"desktop-align-left","8":"tablet-align-left","9":"mobile-align-left","11":"first","12":"instock","13":"taxable","14":"shipping-taxable","15":"purchasable","16":"product-type-variable"},"_links":{"self":[{"href":"https:\/\/suaciencia.org\/loja\/wp-json\/wp\/v2\/product\/4488","targetHints":{"allow":["GET"]}}],"collection":[{"href":"https:\/\/suaciencia.org\/loja\/wp-json\/wp\/v2\/product"}],"about":[{"href":"https:\/\/suaciencia.org\/loja\/wp-json\/wp\/v2\/types\/product"}],"replies":[{"embeddable":true,"href":"https:\/\/suaciencia.org\/loja\/wp-json\/wp\/v2\/comments?post=4488"}],"version-history":[{"count":2,"href":"https:\/\/suaciencia.org\/loja\/wp-json\/wp\/v2\/product\/4488\/revisions"}],"predecessor-version":[{"id":4502,"href":"https:\/\/suaciencia.org\/loja\/wp-json\/wp\/v2\/product\/4488\/revisions\/4502"}],"wp:featuredmedia":[{"embeddable":true,"href":"https:\/\/suaciencia.org\/loja\/wp-json\/wp\/v2\/media\/4497"}],"wp:attachment":[{"href":"https:\/\/suaciencia.org\/loja\/wp-json\/wp\/v2\/media?parent=4488"}],"wp:term":[{"taxonomy":"product_cat","embeddable":true,"href":"https:\/\/suaciencia.org\/loja\/wp-json\/wp\/v2\/product_cat?post=4488"},{"taxonomy":"product_tag","embeddable":true,"href":"https:\/\/suaciencia.org\/loja\/wp-json\/wp\/v2\/product_tag?post=4488"}],"curies":[{"name":"wp","href":"https:\/\/api.w.org\/{rel}","templated":true}]}}